{"id":1965,"date":"2019-11-05T11:01:52","date_gmt":"2019-11-05T10:01:52","guid":{"rendered":"http:\/\/librairiedelagarebe.webhosting.be\/?page_id=1965"},"modified":"2020-12-01T10:16:29","modified_gmt":"2020-12-01T09:16:29","slug":"qui-suis-je","status":"publish","type":"page","link":"https:\/\/www.avocat-bouria.com\/fr\/qui-suis-je\/","title":{"rendered":"Qui suis-je ?"},"content":{"rendered":"<div class=\"wpb-content-wrapper\"><p>[vc_row row_type=\u00a0\u00bbrow_full_center_content\u00a0\u00bb][vc_column]\r\n\t<div class=\"custom-heading wpb_content_element \">\r\n\t\t<h2 class=\"heading-title\" >Cabinet d\u2019avocats Nadia Bouria<\/h2>\r\n\t\t<span class=\"heading-line primary\"><\/span>\r\n\t<\/div>[\/vc_column][\/vc_row][vc_row row_type=\u00a0\u00bbrow_full_center_content\u00a0\u00bb padding_top=\u00a0\u00bb10&Prime; padding_bottom=\u00a0\u00bb10&Prime;][vc_column width=\u00a0\u00bb1\/2&Prime;][vc_column_text]Je suis avocate au Barreau de <strong>Bruxelles<\/strong> depuis 2014 et je dispose d&rsquo;un cabinet secondaire dans le <strong>Brabant wallon<\/strong>.<\/p>\n<p>Ma pr\u00e9occupation permanente est d\u2019associer le client \u00e0 la strat\u00e9gie, qu\u2019il soit une personne physique ou une entreprise.<\/p>\n<p>Pour pouvoir travailler main dans la main, l\u2019information et la vulgarisation sont au c\u0153ur de ma pratique.<\/p>\n<p>Avant d\u2019\u00eatre avocate, j\u2019ai exerc\u00e9 le m\u00e9tier de journaliste durant pr\u00e8s de 19 ans, d\u2019abord en radio en Belgique et en France, puis en t\u00e9l\u00e9vision.<\/p>\n<p>Ce qui me motivait par-dessus tout, au-del\u00e0 d\u2019informer le public, c\u2019\u00e9tait de vulgariser des concepts parfois complexes et parvenir \u00e0 les rendre accessibles pour tous les publics.<\/p>\n<p>De fil en aiguille, je suis devenue chroniqueuse judiciaire, je rendais compte des importants proc\u00e8s d\u2019assises et grandes affaires criminelles en particulier en Belgique mais \u00e9galement \u00e0 l\u2019\u00e9tranger \u2026<\/p>\n<p>Dans ce nouveau m\u00e9tier, je me suis heurt\u00e9e \u00e0 l\u2019opacit\u00e9 du droit et de la justice. Les audiences \u00e9taient passionnantes mais peu accessibles aux non-juristes.<\/p>\n<p>J\u2019ai alors d\u00e9cid\u00e9 de prendre quelques cours \u00e0 la facult\u00e9 de droit, afin de comprendre ce qui se disait lors des audiences dont je devais rendre compte.<\/p>\n<p>En devenant avocate, le besoin de rendre le droit accessible est rest\u00e9 intacte\u2026<\/p>\n<p>Ce double parcours me permet en effet d\u2019accompagner les clients en alliant mon go\u00fbt pour la vulgarisation et le droit.[\/vc_column_text][\/vc_column][vc_column width=\u00a0\u00bb1\/2&Prime;][vc_single_image image=\u00a0\u00bb2557&Prime; img_size=\u00a0\u00bbfull\u00a0\u00bb alignment=\u00a0\u00bbcenter\u00a0\u00bb css=\u00a0\u00bb.vc_custom_1601893469928{padding-top: 10px !important;}\u00a0\u00bb][vc_single_image image=\u00a0\u00bb2562&Prime; img_size=\u00a0\u00bbfull\u00a0\u00bb alignment=\u00a0\u00bbcenter\u00a0\u00bb][vc_row_inner][vc_column_inner width=\u00a0\u00bb1\/2&Prime;][vc_button title=\u00a0\u00bbMES COMPETENCES\u00a0\u00bb color=\u00a0\u00bbprimary\u00a0\u00bb size=\u00a0\u00bblarge\u00a0\u00bb position=\u00a0\u00bbcenter\u00a0\u00bb link=\u00a0\u00bburl:%2Fmes-competences%2F|||\u00a0\u00bb][\/vc_column_inner][vc_column_inner width=\u00a0\u00bb1\/2&Prime;][vc_button title=\u00a0\u00bbMON APPROCHE\u00a0\u00bb color=\u00a0\u00bbprimary\u00a0\u00bb size=\u00a0\u00bblarge\u00a0\u00bb position=\u00a0\u00bbcenter\u00a0\u00bb link=\u00a0\u00bburl:%2Fmon-approche%2F|||\u00a0\u00bb][\/vc_column_inner][\/vc_row_inner][\/vc_column][\/vc_row][vc_row][vc_column][vc_empty_space height=\u00a0\u00bb50px\u00a0\u00bb][\/vc_column][\/vc_row]<\/p>\n<\/div>","protected":false},"excerpt":{"rendered":"<p>[vc_row row_type=\u00a0\u00bbrow_full_center_content\u00a0\u00bb][vc_column][\/vc_column][\/vc_row][vc_row row_type=\u00a0\u00bbrow_full_center_content\u00a0\u00bb padding_top=\u00a0\u00bb10&Prime; padding_bottom=\u00a0\u00bb10&Prime;][vc_column width=\u00a0\u00bb1\/2&Prime;][vc_column_text]Je suis avocate au Barreau de Bruxelles depuis 2014 et je dispose d&rsquo;un cabinet secondaire dans &#8230;<\/p>\n","protected":false},"author":1,"featured_media":2008,"parent":0,"menu_order":0,"comment_status":"open","ping_status":"closed","template":"","meta":{"footnotes":""},"class_list":["post-1965","page","type-page","status-publish","has-post-thumbnail","hentry"],"_links":{"self":[{"href":"https:\/\/www.avocat-bouria.com\/fr\/wp-json\/wp\/v2\/pages\/1965","targetHints":{"allow":["GET"]}}],"collection":[{"href":"https:\/\/www.avocat-bouria.com\/fr\/wp-json\/wp\/v2\/pages"}],"about":[{"href":"https:\/\/www.avocat-bouria.com\/fr\/wp-json\/wp\/v2\/types\/page"}],"author":[{"embeddable":true,"href":"https:\/\/www.avocat-bouria.com\/fr\/wp-json\/wp\/v2\/users\/1"}],"replies":[{"embeddable":true,"href":"https:\/\/www.avocat-bouria.com\/fr\/wp-json\/wp\/v2\/comments?post=1965"}],"version-history":[{"count":20,"href":"https:\/\/www.avocat-bouria.com\/fr\/wp-json\/wp\/v2\/pages\/1965\/revisions"}],"predecessor-version":[{"id":2701,"href":"https:\/\/www.avocat-bouria.com\/fr\/wp-json\/wp\/v2\/pages\/1965\/revisions\/2701"}],"wp:featuredmedia":[{"embeddable":true,"href":"https:\/\/www.avocat-bouria.com\/fr\/wp-json\/"}],"wp:attachment":[{"href":"https:\/\/www.avocat-bouria.com\/fr\/wp-json\/wp\/v2\/media?parent=1965"}],"curies":[{"name":"wp","href":"https:\/\/api.w.org\/{rel}","templated":true}]}}