{"id":2453,"date":"2020-09-24T12:39:51","date_gmt":"2020-09-24T10:39:51","guid":{"rendered":"https:\/\/www.avocat-bouria.com\/?page_id=2453"},"modified":"2020-11-28T10:51:05","modified_gmt":"2020-11-28T09:51:05","slug":"droit-de-la-famille","status":"publish","type":"page","link":"https:\/\/www.avocat-bouria.com\/fr\/mes-competences\/droit-de-la-famille\/","title":{"rendered":"Droit de la famille"},"content":{"rendered":"<div class=\"wpb-content-wrapper\"><p>[vc_row row_type=\u00a0\u00bbrow_full_center_content\u00a0\u00bb padding_top=\u00a0\u00bb10&Prime; padding_bottom=\u00a0\u00bb10&Prime;][vc_column][vc_column_text]<\/p>\n<ul>\n<li>Le mariage (contrats, c\u00e9l\u00e9bration, changement de r\u00e9gime matrimonial, &#8230;)<\/li>\n<li>La cohabitation l\u00e9gale<\/li>\n<li>La s\u00e9paration de fait ou de corps<\/li>\n<li>Le divorce<\/li>\n<li>L&rsquo;adoption<\/li>\n<li>La filiation<\/li>\n<li>L\u2019autorit\u00e9 parentale<\/li>\n<li>L\u2019h\u00e9bergement des enfants<\/li>\n<li>Les obligations alimentaires (contributions et pensions alimentaires)<\/li>\n<li>Les r\u00e9gimes matrimoniaux et le partage du patrimoine apr\u00e8s la s\u00e9paration ou le divorce<\/li>\n<li>Les successions<\/li>\n<\/ul>\n<p>[\/vc_column_text][\/vc_column][\/vc_row][vc_row][vc_column][vc_single_image image=\u00a0\u00bb2562&Prime; img_size=\u00a0\u00bbfull\u00a0\u00bb alignment=\u00a0\u00bbcenter\u00a0\u00bb][vc_row_inner][vc_column_inner][vc_button title=\u00a0\u00bbMON APPROCHE\u00a0\u00bb color=\u00a0\u00bbprimary\u00a0\u00bb size=\u00a0\u00bblarge\u00a0\u00bb position=\u00a0\u00bbcenter\u00a0\u00bb link=\u00a0\u00bburl:%2Fmon-approche%2F|||\u00a0\u00bb][\/vc_column_inner][\/vc_row_inner][\/vc_column][\/vc_row]<\/p>\n<\/div>","protected":false},"excerpt":{"rendered":"<p>[vc_row row_type=\u00a0\u00bbrow_full_center_content\u00a0\u00bb padding_top=\u00a0\u00bb10&Prime; padding_bottom=\u00a0\u00bb10&Prime;][vc_column][vc_column_text] Le mariage (contrats, c\u00e9l\u00e9bration, changement de r\u00e9gime matrimonial, &#8230;) La cohabitation l\u00e9gale La s\u00e9paration de fait ou &#8230;<\/p>\n","protected":false},"author":1,"featured_media":0,"parent":2450,"menu_order":0,"comment_status":"open","ping_status":"closed","template":"","meta":{"footnotes":""},"class_list":["post-2453","page","type-page","status-publish","hentry"],"_links":{"self":[{"href":"https:\/\/www.avocat-bouria.com\/fr\/wp-json\/wp\/v2\/pages\/2453","targetHints":{"allow":["GET"]}}],"collection":[{"href":"https:\/\/www.avocat-bouria.com\/fr\/wp-json\/wp\/v2\/pages"}],"about":[{"href":"https:\/\/www.avocat-bouria.com\/fr\/wp-json\/wp\/v2\/types\/page"}],"author":[{"embeddable":true,"href":"https:\/\/www.avocat-bouria.com\/fr\/wp-json\/wp\/v2\/users\/1"}],"replies":[{"embeddable":true,"href":"https:\/\/www.avocat-bouria.com\/fr\/wp-json\/wp\/v2\/comments?post=2453"}],"version-history":[{"count":12,"href":"https:\/\/www.avocat-bouria.com\/fr\/wp-json\/wp\/v2\/pages\/2453\/revisions"}],"predecessor-version":[{"id":2673,"href":"https:\/\/www.avocat-bouria.com\/fr\/wp-json\/wp\/v2\/pages\/2453\/revisions\/2673"}],"up":[{"embeddable":true,"href":"https:\/\/www.avocat-bouria.com\/fr\/wp-json\/wp\/v2\/pages\/2450"}],"wp:attachment":[{"href":"https:\/\/www.avocat-bouria.com\/fr\/wp-json\/wp\/v2\/media?parent=2453"}],"curies":[{"name":"wp","href":"https:\/\/api.w.org\/{rel}","templated":true}]}}