{"id":2459,"date":"2020-09-24T12:46:19","date_gmt":"2020-09-24T10:46:19","guid":{"rendered":"https:\/\/www.avocat-bouria.com\/?page_id=2459"},"modified":"2020-11-28T10:51:49","modified_gmt":"2020-11-28T09:51:49","slug":"droit-international-prive-de-la-famille","status":"publish","type":"page","link":"https:\/\/www.avocat-bouria.com\/fr\/mes-competences\/droit-international-prive-de-la-famille\/","title":{"rendered":"Droit international priv\u00e9 de la famille"},"content":{"rendered":"<div class=\"wpb-content-wrapper\"><p>[vc_row row_type=\u00a0\u00bbrow_full_center_content\u00a0\u00bb padding_top=\u00a0\u00bb10&Prime; padding_bottom=\u00a0\u00bb10&Prime;][vc_column][vc_column_text]Si vous \u00eatre une famille expatri\u00e9e et que vous vous posez des questions sur votre mariage, la naissance de votre enfant, votre divorce ou une succession \u00e0 l\u2019\u00e9tranger, le droit international priv\u00e9 de la famille r\u00e8gle toutes les questions suivantes :<\/p>\n<p>Les conflits de juridiction : je me suis mari\u00e9 \u00e0 l\u2019\u00e9tranger, quel est le juge comp\u00e9tent pour conna\u00eetre de mon divorce.<\/p>\n<p>Les conflits de lois : le juge d\u00e9sign\u00e9 appliquera-t-il la loi du pays de r\u00e9sidence ou de mon pays d\u2019origine ?Quelle est la proc\u00e9dure qui permet la reconnaissance et l\u2019ex\u00e9cution des d\u00e9cisions et actes judiciaires, actes notari\u00e9s \u00e9trangers en Belgique, ou belges \u00e0 l\u2019\u00e9tranger ?[\/vc_column_text][\/vc_column][\/vc_row][vc_row][vc_column][vc_single_image image=\u00a0\u00bb2562&Prime; img_size=\u00a0\u00bbfull\u00a0\u00bb alignment=\u00a0\u00bbcenter\u00a0\u00bb][vc_row_inner][vc_column_inner][vc_button title=\u00a0\u00bbMON APPROCHE\u00a0\u00bb color=\u00a0\u00bbprimary\u00a0\u00bb size=\u00a0\u00bblarge\u00a0\u00bb position=\u00a0\u00bbcenter\u00a0\u00bb link=\u00a0\u00bburl:%2Fmon-approche%2F|||\u00a0\u00bb][\/vc_column_inner][\/vc_row_inner][\/vc_column][\/vc_row]<\/p>\n<\/div>","protected":false},"excerpt":{"rendered":"<p>[vc_row row_type=\u00a0\u00bbrow_full_center_content\u00a0\u00bb padding_top=\u00a0\u00bb10&Prime; padding_bottom=\u00a0\u00bb10&Prime;][vc_column][vc_column_text]Si vous \u00eatre une famille expatri\u00e9e et que vous vous posez des questions sur votre mariage, la naissance &#8230;<\/p>\n","protected":false},"author":1,"featured_media":0,"parent":2450,"menu_order":0,"comment_status":"open","ping_status":"closed","template":"","meta":{"footnotes":""},"class_list":["post-2459","page","type-page","status-publish","hentry"],"_links":{"self":[{"href":"https:\/\/www.avocat-bouria.com\/fr\/wp-json\/wp\/v2\/pages\/2459","targetHints":{"allow":["GET"]}}],"collection":[{"href":"https:\/\/www.avocat-bouria.com\/fr\/wp-json\/wp\/v2\/pages"}],"about":[{"href":"https:\/\/www.avocat-bouria.com\/fr\/wp-json\/wp\/v2\/types\/page"}],"author":[{"embeddable":true,"href":"https:\/\/www.avocat-bouria.com\/fr\/wp-json\/wp\/v2\/users\/1"}],"replies":[{"embeddable":true,"href":"https:\/\/www.avocat-bouria.com\/fr\/wp-json\/wp\/v2\/comments?post=2459"}],"version-history":[{"count":11,"href":"https:\/\/www.avocat-bouria.com\/fr\/wp-json\/wp\/v2\/pages\/2459\/revisions"}],"predecessor-version":[{"id":2676,"href":"https:\/\/www.avocat-bouria.com\/fr\/wp-json\/wp\/v2\/pages\/2459\/revisions\/2676"}],"up":[{"embeddable":true,"href":"https:\/\/www.avocat-bouria.com\/fr\/wp-json\/wp\/v2\/pages\/2450"}],"wp:attachment":[{"href":"https:\/\/www.avocat-bouria.com\/fr\/wp-json\/wp\/v2\/media?parent=2459"}],"curies":[{"name":"wp","href":"https:\/\/api.w.org\/{rel}","templated":true}]}}