{"id":2461,"date":"2020-09-24T12:47:10","date_gmt":"2020-09-24T10:47:10","guid":{"rendered":"https:\/\/www.avocat-bouria.com\/?page_id=2461"},"modified":"2020-11-28T10:51:42","modified_gmt":"2020-11-28T09:51:42","slug":"droit-des-contrats","status":"publish","type":"page","link":"https:\/\/www.avocat-bouria.com\/fr\/mes-competences\/droit-des-contrats\/","title":{"rendered":"Droit des contrats"},"content":{"rendered":"<div class=\"wpb-content-wrapper\"><p>[vc_row row_type=\u00a0\u00bbrow_full_center_content\u00a0\u00bb padding_top=\u00a0\u00bb10&Prime; padding_bottom=\u00a0\u00bb10&Prime;][vc_column][vc_column_text]Mon client refuse de payer ma facture, que faire\u00a0?<\/p>\n<p>Comment savoir si mes conditions g\u00e9n\u00e9rales sont valables\u00a0?<\/p>\n<p>Comment savoir si le contrat propos\u00e9 ne contient pas une clause d\u00e9favorable\u00a0?<\/p>\n<p>Je suis chef d&rsquo;entreprise, je dois r\u00e9diger un contrat et je ne sais pas comment m&rsquo;y prendre ?<\/p>\n<p>De mani\u00e8re g\u00e9n\u00e9rale, consultez-moi avant de signer tout document important, je vous expliquerai ce que votre signature implique et vous permettra d&rsquo;\u00e9viter des difficult\u00e9s ult\u00e9rieurement.[\/vc_column_text][\/vc_column][\/vc_row][vc_row][vc_column][vc_single_image image=\u00a0\u00bb2562&Prime; img_size=\u00a0\u00bbfull\u00a0\u00bb alignment=\u00a0\u00bbcenter\u00a0\u00bb][vc_row_inner][vc_column_inner][vc_button title=\u00a0\u00bbMON APPROCHE\u00a0\u00bb color=\u00a0\u00bbprimary\u00a0\u00bb size=\u00a0\u00bblarge\u00a0\u00bb position=\u00a0\u00bbcenter\u00a0\u00bb link=\u00a0\u00bburl:%2Fmon-approche%2F|||\u00a0\u00bb][\/vc_column_inner][\/vc_row_inner][\/vc_column][\/vc_row]<\/p>\n<\/div>","protected":false},"excerpt":{"rendered":"<p>[vc_row row_type=\u00a0\u00bbrow_full_center_content\u00a0\u00bb padding_top=\u00a0\u00bb10&Prime; padding_bottom=\u00a0\u00bb10&Prime;][vc_column][vc_column_text]Mon client refuse de payer ma facture, que faire\u00a0? Comment savoir si mes conditions g\u00e9n\u00e9rales sont valables\u00a0? Comment &#8230;<\/p>\n","protected":false},"author":1,"featured_media":0,"parent":2450,"menu_order":0,"comment_status":"open","ping_status":"closed","template":"","meta":{"footnotes":""},"class_list":["post-2461","page","type-page","status-publish","hentry"],"_links":{"self":[{"href":"https:\/\/www.avocat-bouria.com\/fr\/wp-json\/wp\/v2\/pages\/2461","targetHints":{"allow":["GET"]}}],"collection":[{"href":"https:\/\/www.avocat-bouria.com\/fr\/wp-json\/wp\/v2\/pages"}],"about":[{"href":"https:\/\/www.avocat-bouria.com\/fr\/wp-json\/wp\/v2\/types\/page"}],"author":[{"embeddable":true,"href":"https:\/\/www.avocat-bouria.com\/fr\/wp-json\/wp\/v2\/users\/1"}],"replies":[{"embeddable":true,"href":"https:\/\/www.avocat-bouria.com\/fr\/wp-json\/wp\/v2\/comments?post=2461"}],"version-history":[{"count":9,"href":"https:\/\/www.avocat-bouria.com\/fr\/wp-json\/wp\/v2\/pages\/2461\/revisions"}],"predecessor-version":[{"id":2675,"href":"https:\/\/www.avocat-bouria.com\/fr\/wp-json\/wp\/v2\/pages\/2461\/revisions\/2675"}],"up":[{"embeddable":true,"href":"https:\/\/www.avocat-bouria.com\/fr\/wp-json\/wp\/v2\/pages\/2450"}],"wp:attachment":[{"href":"https:\/\/www.avocat-bouria.com\/fr\/wp-json\/wp\/v2\/media?parent=2461"}],"curies":[{"name":"wp","href":"https:\/\/api.w.org\/{rel}","templated":true}]}}