{"id":2463,"date":"2020-09-24T12:47:47","date_gmt":"2020-09-24T10:47:47","guid":{"rendered":"https:\/\/www.avocat-bouria.com\/?page_id=2463"},"modified":"2020-11-28T10:51:35","modified_gmt":"2020-11-28T09:51:35","slug":"droit-de-la-responsabilite","status":"publish","type":"page","link":"https:\/\/www.avocat-bouria.com\/fr\/mes-competences\/droit-de-la-responsabilite\/","title":{"rendered":"Droit de la responsabilit\u00e9"},"content":{"rendered":"<div class=\"wpb-content-wrapper\"><p>[vc_row row_type=\u00a0\u00bbrow_full_center_content\u00a0\u00bb padding_top=\u00a0\u00bb10&Prime; padding_bottom=\u00a0\u00bb10&Prime;][vc_column][vc_column_text]Vous subissez un dommage \u00e0 la suite d\u2019un accident de la route ou de l\u2019intervention d\u2019un professionnel (entrepreneur, m\u00e9decin, journaliste, agent immobilier, \u2026) et vous souhaitez \u00eatre d\u00e9dommag\u00e9 ?<\/p>\n<p>Vous \u00eates accus\u00e9 d\u2019avoir caus\u00e9 un dommage \u00e0 autrui, vous avez caus\u00e9 un accident de la route ou votre responsabilit\u00e9 est engag\u00e9e dans l\u2019exercice de votre m\u00e9tier, vous souhaitez \u00eatre mis hors de cause ?[\/vc_column_text][\/vc_column][\/vc_row][vc_row][vc_column][vc_single_image image=\u00a0\u00bb2562&Prime; img_size=\u00a0\u00bbfull\u00a0\u00bb alignment=\u00a0\u00bbcenter\u00a0\u00bb][vc_row_inner][vc_column_inner][vc_button title=\u00a0\u00bbMON APPROCHE\u00a0\u00bb color=\u00a0\u00bbprimary\u00a0\u00bb size=\u00a0\u00bblarge\u00a0\u00bb position=\u00a0\u00bbcenter\u00a0\u00bb link=\u00a0\u00bburl:%2Fmon-approche%2F|||\u00a0\u00bb][\/vc_column_inner][\/vc_row_inner][\/vc_column][\/vc_row]<\/p>\n<\/div>","protected":false},"excerpt":{"rendered":"<p>[vc_row row_type=\u00a0\u00bbrow_full_center_content\u00a0\u00bb padding_top=\u00a0\u00bb10&Prime; padding_bottom=\u00a0\u00bb10&Prime;][vc_column][vc_column_text]Vous subissez un dommage \u00e0 la suite d\u2019un accident de la route ou de l\u2019intervention d\u2019un professionnel (entrepreneur, &#8230;<\/p>\n","protected":false},"author":1,"featured_media":0,"parent":2450,"menu_order":0,"comment_status":"open","ping_status":"closed","template":"","meta":{"footnotes":""},"class_list":["post-2463","page","type-page","status-publish","hentry"],"_links":{"self":[{"href":"https:\/\/www.avocat-bouria.com\/fr\/wp-json\/wp\/v2\/pages\/2463","targetHints":{"allow":["GET"]}}],"collection":[{"href":"https:\/\/www.avocat-bouria.com\/fr\/wp-json\/wp\/v2\/pages"}],"about":[{"href":"https:\/\/www.avocat-bouria.com\/fr\/wp-json\/wp\/v2\/types\/page"}],"author":[{"embeddable":true,"href":"https:\/\/www.avocat-bouria.com\/fr\/wp-json\/wp\/v2\/users\/1"}],"replies":[{"embeddable":true,"href":"https:\/\/www.avocat-bouria.com\/fr\/wp-json\/wp\/v2\/comments?post=2463"}],"version-history":[{"count":8,"href":"https:\/\/www.avocat-bouria.com\/fr\/wp-json\/wp\/v2\/pages\/2463\/revisions"}],"predecessor-version":[{"id":2674,"href":"https:\/\/www.avocat-bouria.com\/fr\/wp-json\/wp\/v2\/pages\/2463\/revisions\/2674"}],"up":[{"embeddable":true,"href":"https:\/\/www.avocat-bouria.com\/fr\/wp-json\/wp\/v2\/pages\/2450"}],"wp:attachment":[{"href":"https:\/\/www.avocat-bouria.com\/fr\/wp-json\/wp\/v2\/media?parent=2463"}],"curies":[{"name":"wp","href":"https:\/\/api.w.org\/{rel}","templated":true}]}}