{"id":2466,"date":"2020-09-24T12:50:11","date_gmt":"2020-09-24T10:50:11","guid":{"rendered":"https:\/\/www.avocat-bouria.com\/?page_id=2466"},"modified":"2020-11-28T19:40:40","modified_gmt":"2020-11-28T18:40:40","slug":"mon-approche","status":"publish","type":"page","link":"https:\/\/www.avocat-bouria.com\/fr\/mon-approche\/","title":{"rendered":"Mon approche"},"content":{"rendered":"<div class=\"wpb-content-wrapper\"><p>[vc_row row_type=\u00a0\u00bbrow_full_center_content\u00a0\u00bb][vc_column]\r\n\t<div class=\"custom-heading wpb_content_element \">\r\n\t\t<h2 class=\"heading-title\" >Votre dossier ou question est trait\u00e9 en 4 temps :<\/h2>\r\n\t\t<span class=\"heading-line primary\"><\/span>\r\n\t<\/div>[\/vc_column][\/vc_row][vc_row row_type=\u00a0\u00bbrow_full_center_content\u00a0\u00bb][vc_column width=\u00a0\u00bb1\/2&Prime;]\r\n\t<div class=\"custom-heading wpb_content_element \">\r\n\t\t<h2 class=\"heading-title\" >1. Consultation<\/h2>\r\n\t\t<span class=\"heading-line primary\"><\/span>\r\n\t<\/div>[vc_column_text]Si vous avez une simple question, un probl\u00e8me plus important ou si vous \u00eates cit\u00e9(e) \u00e0 compara\u00eetre, le premier r\u00e9flexe est de m\u2019appeler ou m\u2019envoyer un mail. Nous fixerons un rendez-vous physique ou virtuel (via Skype, Zoom ou WhatsApp).<\/p>\n<p>Lors de ce premier rendez-vous, munissez-vous de tous les documents utiles. Vous recevez un premier avis oral sur la base des informations disponibles.<\/p>\n<p>Vous ne payez que la consultation.[\/vc_column_text][\/vc_column][vc_column width=\u00a0\u00bb1\/2&Prime;]\r\n\t<div class=\"custom-heading wpb_content_element \">\r\n\t\t<h2 class=\"heading-title\" >2. Examen approfondi<\/h2>\r\n\t\t<span class=\"heading-line primary\"><\/span>\r\n\t<\/div>[vc_column_text]Votre question ou votre dossier est plus complexe, il n\u00e9cessite donc un examen plus approfondi, voire des recherches.<\/p>\n<p>Apr\u00e8s avoir donn\u00e9 votre accord, j\u2019effectuerai cet examen approfondi qui vous sera envoy\u00e9 par email et contenant la strat\u00e9gie \u00e0 suivre.<\/p>\n<p>Vous ne payez que cet avis \u00e9crit dont le prix aura \u00e9t\u00e9 d\u00e9fini avec vous lors de la consultation.[\/vc_column_text][\/vc_column][\/vc_row][vc_row row_type=\u00a0\u00bbrow_full_center_content\u00a0\u00bb][vc_column width=\u00a0\u00bb1\/2&Prime;]\r\n\t<div class=\"custom-heading wpb_content_element \">\r\n\t\t<h2 class=\"heading-title\" >3. Evolution du dossier<\/h2>\r\n\t\t<span class=\"heading-line primary\"><\/span>\r\n\t<\/div>[vc_column_text]<\/p>\n<ul>\n<li>Si votre probl\u00e8me peut \u00eatre r\u00e9solu de fa\u00e7on <strong>amiable<\/strong>, cette voie sera privil\u00e9gi\u00e9e. Elle est en effet plus rapide et moins ch\u00e8re.<\/li>\n<li>Si la voie amiable ne donne rien ou n\u2019est pas possible, le dossier deviendra <strong>contentieux<\/strong>, c\u2019est-\u00e0-dire qu\u2019il faudra saisir le Tribunal comp\u00e9tent.<\/li>\n<li style=\"list-style-type: none;\"><\/li>\n<\/ul>\n<p>[\/vc_column_text][\/vc_column][vc_column width=\u00a0\u00bb1\/2&Prime;]\r\n\t<div class=\"custom-heading wpb_content_element \">\r\n\t\t<h2 class=\"heading-title\" >4. Suivi du dossier<\/h2>\r\n\t\t<span class=\"heading-line primary\"><\/span>\r\n\t<\/div>[vc_column_text]A chaque \u00e9tape, vous \u00eatre inform\u00e9(e) par email des nouveaux d\u00e9veloppements dans le dossier, que ce soit mes prestations (r\u00e9daction de requ\u00eate, citation, conclusions, ou courriers) ou la r\u00e9ception de courriers de la part de partie adverse, du tribunal, d\u2019un huissier, d\u2019un notaire, etc<\/p>\n<p>Je vous accompagne pas \u00e0 pas tout au long de la proc\u00e9dure.[\/vc_column_text][\/vc_column][\/vc_row][vc_row row_type=\u00a0\u00bbrow_full_center_content\u00a0\u00bb][vc_column][vc_button title=\u00a0\u00bbHonoraires\u00a0\u00bb color=\u00a0\u00bbprimary\u00a0\u00bb size=\u00a0\u00bblarge\u00a0\u00bb position=\u00a0\u00bbcenter\u00a0\u00bb link=\u00a0\u00bburl:%2Fhonoraires%2F|||\u00a0\u00bb][\/vc_column][\/vc_row]<\/p>\n<\/div>","protected":false},"excerpt":{"rendered":"<p>[vc_row row_type=\u00a0\u00bbrow_full_center_content\u00a0\u00bb][vc_column][\/vc_column][\/vc_row][vc_row row_type=\u00a0\u00bbrow_full_center_content\u00a0\u00bb][vc_column width=\u00a0\u00bb1\/2&Prime;][vc_column_text]Si vous avez une simple question, un probl\u00e8me plus important ou si vous \u00eates cit\u00e9(e) \u00e0 compara\u00eetre, le &#8230;<\/p>\n","protected":false},"author":1,"featured_media":2454,"parent":0,"menu_order":0,"comment_status":"open","ping_status":"closed","template":"","meta":{"footnotes":""},"class_list":["post-2466","page","type-page","status-publish","has-post-thumbnail","hentry"],"_links":{"self":[{"href":"https:\/\/www.avocat-bouria.com\/fr\/wp-json\/wp\/v2\/pages\/2466","targetHints":{"allow":["GET"]}}],"collection":[{"href":"https:\/\/www.avocat-bouria.com\/fr\/wp-json\/wp\/v2\/pages"}],"about":[{"href":"https:\/\/www.avocat-bouria.com\/fr\/wp-json\/wp\/v2\/types\/page"}],"author":[{"embeddable":true,"href":"https:\/\/www.avocat-bouria.com\/fr\/wp-json\/wp\/v2\/users\/1"}],"replies":[{"embeddable":true,"href":"https:\/\/www.avocat-bouria.com\/fr\/wp-json\/wp\/v2\/comments?post=2466"}],"version-history":[{"count":25,"href":"https:\/\/www.avocat-bouria.com\/fr\/wp-json\/wp\/v2\/pages\/2466\/revisions"}],"predecessor-version":[{"id":2696,"href":"https:\/\/www.avocat-bouria.com\/fr\/wp-json\/wp\/v2\/pages\/2466\/revisions\/2696"}],"wp:featuredmedia":[{"embeddable":true,"href":"https:\/\/www.avocat-bouria.com\/fr\/wp-json\/wp\/v2\/media\/2454"}],"wp:attachment":[{"href":"https:\/\/www.avocat-bouria.com\/fr\/wp-json\/wp\/v2\/media?parent=2466"}],"curies":[{"name":"wp","href":"https:\/\/api.w.org\/{rel}","templated":true}]}}