{"id":3538,"date":"2025-05-19T15:41:58","date_gmt":"2025-05-19T13:41:58","guid":{"rendered":"https:\/\/www.avocat-bouria.com\/fr\/?page_id=3538"},"modified":"2025-05-20T11:00:13","modified_gmt":"2025-05-20T09:00:13","slug":"mediation","status":"publish","type":"page","link":"https:\/\/www.avocat-bouria.com\/fr\/mediation\/","title":{"rendered":"M\u00e9diation"},"content":{"rendered":"<div class=\"wpb-content-wrapper\"><p>[vc_row row_type=\u00a0\u00bbrow_full_center_content\u00a0\u00bb][vc_column][vc_column_text css=\u00a0\u00bb\u00a0\u00bb]<strong>Un autre chemin pour traverser le conflit.<\/strong><\/p>\n<p>Dans bien des situations, il est possible \u2013 et souvent pr\u00e9f\u00e9rable \u2013 de se parler plut\u00f4t que de s\u2019affronter.<br \/>\nLa m\u00e9diation familiale est un processus volontaire et confidentiel qui permet \u00e0 des couples ou \u00e0 des parents de trouver ensemble des solutions concr\u00e8tes, dans un cadre structur\u00e9, apais\u00e9, et respectueux de chacun.<br \/>\nEn tant que m\u00e9diatrice agr\u00e9\u00e9e en mati\u00e8re familiale, je vous accompagne en toute neutralit\u00e9, pour vous aider \u00e0 poser les mots justes sur ce que vous vivez, \u00e0 identifier vos besoins respectifs et \u00e0 construire ensemble des accords durables.<br \/>\nIl ne s\u2019agit pas de revenir en arri\u00e8re, ni d\u2019\u00e9viter les d\u00e9saccords \u00e0 tout prix. Il s\u2019agit de prendre des d\u00e9cisions conscientes, dans un esprit de collaboration, en gardant en t\u00eate ce qui compte : votre \u00e9quilibre, celui de vos enfants, et la mani\u00e8re dont vous souhaitez avancer.<br \/>\nMa formation en m\u00e9diation et en droit collaboratif renforce cette approche : travailler ensemble, m\u00eame dans la s\u00e9paration, pour sortir du conflit sans sortir de route.<br \/>\nVous pouvez retrouver davantage d\u2019informations sur la m\u00e9diation dans les \u00e9pisodes que j\u2019ai consacr\u00e9 \u00e0 ce sujet dans mon podcast <em>La justice et moi<\/em>.[\/vc_column_text][vc_single_image image=\u00a0\u00bb2562&Prime; img_size=\u00a0\u00bbfull\u00a0\u00bb alignment=\u00a0\u00bbcenter\u00a0\u00bb][vc_row_inner][vc_column_inner][vc_button title=\u00a0\u00bbCONTACTEZ MOI\u00a0\u00bb color=\u00a0\u00bbprimary\u00a0\u00bb size=\u00a0\u00bblarge\u00a0\u00bb position=\u00a0\u00bbcenter\u00a0\u00bb link=\u00a0\u00bburl:https%3A%2F%2Fwww.avocat-bouria.com%2Ffr%2Fcontact%2F\u00a0\u00bb][\/vc_column_inner][\/vc_row_inner][\/vc_column][\/vc_row][vc_row][vc_column][\/vc_column][\/vc_row][vc_row][vc_column][\/vc_column][\/vc_row]<\/p>\n<\/div>","protected":false},"excerpt":{"rendered":"<p>[vc_row row_type=\u00a0\u00bbrow_full_center_content\u00a0\u00bb][vc_column][vc_column_text css=\u00a0\u00bb\u00a0\u00bb]Un autre chemin pour traverser le conflit. Dans bien des situations, il est possible \u2013 et souvent pr\u00e9f\u00e9rable \u2013 &#8230;<\/p>\n","protected":false},"author":2,"featured_media":0,"parent":0,"menu_order":0,"comment_status":"closed","ping_status":"closed","template":"","meta":{"footnotes":""},"class_list":["post-3538","page","type-page","status-publish","hentry"],"_links":{"self":[{"href":"https:\/\/www.avocat-bouria.com\/fr\/wp-json\/wp\/v2\/pages\/3538","targetHints":{"allow":["GET"]}}],"collection":[{"href":"https:\/\/www.avocat-bouria.com\/fr\/wp-json\/wp\/v2\/pages"}],"about":[{"href":"https:\/\/www.avocat-bouria.com\/fr\/wp-json\/wp\/v2\/types\/page"}],"author":[{"embeddable":true,"href":"https:\/\/www.avocat-bouria.com\/fr\/wp-json\/wp\/v2\/users\/2"}],"replies":[{"embeddable":true,"href":"https:\/\/www.avocat-bouria.com\/fr\/wp-json\/wp\/v2\/comments?post=3538"}],"version-history":[{"count":11,"href":"https:\/\/www.avocat-bouria.com\/fr\/wp-json\/wp\/v2\/pages\/3538\/revisions"}],"predecessor-version":[{"id":3616,"href":"https:\/\/www.avocat-bouria.com\/fr\/wp-json\/wp\/v2\/pages\/3538\/revisions\/3616"}],"wp:attachment":[{"href":"https:\/\/www.avocat-bouria.com\/fr\/wp-json\/wp\/v2\/media?parent=3538"}],"curies":[{"name":"wp","href":"https:\/\/api.w.org\/{rel}","templated":true}]}}