{"id":3619,"date":"2025-05-22T11:44:00","date_gmt":"2025-05-22T09:44:00","guid":{"rendered":"https:\/\/www.avocat-bouria.com\/fr\/?page_id=3619"},"modified":"2025-11-07T08:16:08","modified_gmt":"2025-11-07T07:16:08","slug":"qui-sommes-nous","status":"publish","type":"page","link":"https:\/\/www.avocat-bouria.com\/fr\/qui-suis-je-2\/","title":{"rendered":"L&rsquo;\u00e9quipe"},"content":{"rendered":"<div class=\"wpb-content-wrapper\"><p>[vc_row row_type=\u00a0\u00bbrow_full_center_content\u00a0\u00bb][vc_column]\r\n\t<div class=\"custom-heading wpb_content_element \">\r\n\t\t<h2 class=\"heading-title\" >Cabinet d\u2019avocats Nadia Bouria<\/h2>\r\n\t\t<span class=\"heading-line primary\"><\/span>\r\n\t<\/div>[\/vc_column][\/vc_row][vc_row row_type=\u00a0\u00bbrow_full_center_content\u00a0\u00bb][vc_column width=\u00a0\u00bb1\/2&Prime;][vc_column_text css=\u00a0\u00bb\u00a0\u00bb]<\/p>\n<p style=\"font-weight: 400;\"><strong>Ma\u00eetre H\u00e9lo\u00efse Latour<\/strong><\/p>\n<p style=\"font-weight: 400;\">Avocate au Barreau du Brabant Wallon, Ma\u00eetre H\u00e9lo\u00efse Latour intervient principalement en droit de la famille et en droit des contrats.<\/p>\n<p style=\"font-weight: 400;\">Elle assure \u00e9galement la d\u00e9fense des justiciables dans le cadre de l&rsquo;aide juridique.<\/p>\n<p style=\"font-weight: 400;\">Apr\u00e8s avoir pr\u00eat\u00e9 serment en avril 2025, elle a rejoint le cabinet d\u2019avocats Nadia Bouria, aupr\u00e8s duquel elle avait effectu\u00e9 deux stages durant ses \u00e9tudes, puis travaill\u00e9 en tant qu\u2019\u00e9tudiante.<\/p>\n<p style=\"font-weight: 400;\">Cette collaboration continue lui a permis de construire une approche rigoureuse, humaine et pragmatique du m\u00e9tier d\u2019avocat.<\/p>\n<p style=\"font-weight: 400;\">Soucieuse de privil\u00e9gier des solutions apais\u00e9es, Ma\u00eetre Latour favorise autant que possible la voie amiable, dans l\u2019int\u00e9r\u00eat de ses clients.<\/p>\n<p>[\/vc_column_text][vc_single_image image=\u00a0\u00bb3652&Prime; img_size=\u00a0\u00bbmedium\u00a0\u00bb css=\u00a0\u00bb\u00a0\u00bb][\/vc_column][vc_column width=\u00a0\u00bb1\/2&Prime;][vc_single_image image=\u00a0\u00bb3643&Prime; img_size=\u00a0\u00bblarge\u00a0\u00bb css=\u00a0\u00bb\u00a0\u00bb][\/vc_column][\/vc_row][vc_row][vc_column][vc_empty_space height=\u00a0\u00bb50px\u00a0\u00bb][\/vc_column][\/vc_row][vc_row row_type=\u00a0\u00bbrow_full_center_content\u00a0\u00bb][vc_column width=\u00a0\u00bb1\/2&Prime;][vc_column_text css=\u00a0\u00bb\u00a0\u00bb]<\/p>\n<p style=\"font-weight: 400;\"><strong>Ma\u00eetre Clotilde Fontaine<\/strong><\/p>\n<p style=\"font-weight: 400;\">Avocate au Barreau d&rsquo;Arras, Ma\u00eetre Clotilde Fontaine intervient essentiellement en droit civil, notamment en droit des personnes, droit de la famille et droit des personnes vuln\u00e9rables.<\/p>\n<p style=\"font-weight: 400;\">Titulaire d\u2019un doctorat en droit, elle a travaill\u00e9 pendant plusieurs ann\u00e9es au sein d\u2019une juridiction civile, acqu\u00e9rant ainsi une ma\u00eetrise approfondie des rouages judiciaires.<\/p>\n<p style=\"font-weight: 400;\">Ses exp\u00e9riences en cabinet d\u2019avocats en France et en Belgique ont pos\u00e9 les fondements de sa pratique.<\/p>\n<p style=\"font-weight: 400;\">Intervenant des deux c\u00f4t\u00e9s de la fronti\u00e8re, elle offre un accompagnement solide et personnalis\u00e9, fond\u00e9 sur la clart\u00e9, l\u2019expertise et l\u2019\u00e9coute.<\/p>\n<p>[\/vc_column_text][vc_single_image image=\u00a0\u00bb3649&Prime; img_size=\u00a0\u00bbmedium\u00a0\u00bb css=\u00a0\u00bb\u00a0\u00bb][\/vc_column][vc_column width=\u00a0\u00bb1\/2&Prime;][vc_single_image image=\u00a0\u00bb3644&Prime; img_size=\u00a0\u00bblarge\u00a0\u00bb css=\u00a0\u00bb\u00a0\u00bb][\/vc_column][\/vc_row][vc_row][vc_column][vc_empty_space height=\u00a0\u00bb50px\u00a0\u00bb][\/vc_column][\/vc_row]<\/p>\n<\/div>","protected":false},"excerpt":{"rendered":"<p>[vc_row row_type=\u00a0\u00bbrow_full_center_content\u00a0\u00bb][vc_column][\/vc_column][\/vc_row][vc_row row_type=\u00a0\u00bbrow_full_center_content\u00a0\u00bb][vc_column width=\u00a0\u00bb1\/2&Prime;][vc_column_text css=\u00a0\u00bb\u00a0\u00bb] Ma\u00eetre H\u00e9lo\u00efse Latour Avocate au Barreau du Brabant Wallon, Ma\u00eetre H\u00e9lo\u00efse Latour intervient principalement en droit &#8230;<\/p>\n","protected":false},"author":2,"featured_media":2008,"parent":0,"menu_order":0,"comment_status":"closed","ping_status":"closed","template":"","meta":{"footnotes":""},"class_list":["post-3619","page","type-page","status-publish","has-post-thumbnail","hentry"],"_links":{"self":[{"href":"https:\/\/www.avocat-bouria.com\/fr\/wp-json\/wp\/v2\/pages\/3619","targetHints":{"allow":["GET"]}}],"collection":[{"href":"https:\/\/www.avocat-bouria.com\/fr\/wp-json\/wp\/v2\/pages"}],"about":[{"href":"https:\/\/www.avocat-bouria.com\/fr\/wp-json\/wp\/v2\/types\/page"}],"author":[{"embeddable":true,"href":"https:\/\/www.avocat-bouria.com\/fr\/wp-json\/wp\/v2\/users\/2"}],"replies":[{"embeddable":true,"href":"https:\/\/www.avocat-bouria.com\/fr\/wp-json\/wp\/v2\/comments?post=3619"}],"version-history":[{"count":18,"href":"https:\/\/www.avocat-bouria.com\/fr\/wp-json\/wp\/v2\/pages\/3619\/revisions"}],"predecessor-version":[{"id":3719,"href":"https:\/\/www.avocat-bouria.com\/fr\/wp-json\/wp\/v2\/pages\/3619\/revisions\/3719"}],"wp:featuredmedia":[{"embeddable":true,"href":"https:\/\/www.avocat-bouria.com\/fr\/wp-json\/"}],"wp:attachment":[{"href":"https:\/\/www.avocat-bouria.com\/fr\/wp-json\/wp\/v2\/media?parent=3619"}],"curies":[{"name":"wp","href":"https:\/\/api.w.org\/{rel}","templated":true}]}}