{"id":855,"date":"2015-02-05T10:21:41","date_gmt":"2015-02-05T10:21:41","guid":{"rendered":"http:\/\/demo.wpcharming.com\/construction\/?page_id=21"},"modified":"2022-09-28T14:38:26","modified_gmt":"2022-09-28T12:38:26","slug":"presentation","status":"publish","type":"page","link":"https:\/\/www.avocat-bouria.com\/fr\/","title":{"rendered":"Accueil"},"content":{"rendered":"<div class=\"wpb-content-wrapper\"><p>[vc_row row_type=\u00a0\u00bbrow_fullwidth_content\u00a0\u00bb margin_top=\u00a0\u00bb-80&Prime; padding_bottom=\u00a0\u00bb0&Prime; class=\u00a0\u00bbfit-screen\u00a0\u00bb][vc_column][rev_slider_vc alias=\u00a0\u00bbbouria\u00a0\u00bb][\/vc_column][\/vc_row][vc_row row_type=\u00a0\u00bbrow_full_center_content\u00a0\u00bb bg_color=\u00a0\u00bb#c01f9d\u00a0\u00bb padding_top=\u00a0\u00bb20&Prime; padding_bottom=\u00a0\u00bb20&Prime; full_height=\u00a0\u00bbyes\u00a0\u00bb][vc_column width=\u00a0\u00bb2\/3&Prime; el_class=\u00a0\u00bbmobile-center\u00a0\u00bb][vc_column_text]<\/p>\n<h3><span style=\"color: #ffffff; display: block; margin-top: 2px;\">Pour pouvoir travailler main dans la main, l\u2019information et la vulgarisation sont au c\u0153ur de ma pratique.<\/span><\/h3>\n<p>[\/vc_column_text][\/vc_column][vc_column width=\u00a0\u00bb1\/3&Prime; el_class=\u00a0\u00bbmobile-center\u00a0\u00bb][vc_btn title=\u00a0\u00bbDemandez une consultation\u00a0\u00bb align=\u00a0\u00bbcenter\u00a0\u00bb link=\u00a0\u00bburl:%2Fcontact%2F|||\u00a0\u00bb][\/vc_column][\/vc_row][vc_row row_type=\u00a0\u00bbrow_full_center_content\u00a0\u00bb][vc_column]\r\n\t<div class=\"custom-heading wpb_content_element  text-center\">\r\n\t\t<h2 class=\"heading-title\" >Cabinet d\u2019avocats Nadia Bouria - (Bruxelles-Brabant wallon)<\/h2>\r\n\t\t<span class=\"heading-line primary\"><\/span>\r\n\t<\/div>[\/vc_column][\/vc_row][vc_row row_type=\u00a0\u00bbrow_full_center_content\u00a0\u00bb][vc_column width=\u00a0\u00bb1\/2&Prime;][vc_column_text]Je suis avocate au Barreau de Bruxelles depuis 2014 avec un cabinet secondaire dans le Brabant wallon.<\/p>\n<p>Ma pr\u00e9occupation permanente est d\u2019associer le client \u00e0 la strat\u00e9gie, qu\u2019il soit une personne physique ou une entreprise.<\/p>\n<p>Pour pouvoir travailler main dans la main, l\u2019information et la vulgarisation sont au c\u0153ur de ma pratique.<\/p>\n<p>Avant d\u2019\u00eatre avocate, j\u2019ai exerc\u00e9 le m\u00e9tier de journaliste durant pr\u00e8s de 19 ans, d\u2019abord en radio en Belgique et en France, puis en t\u00e9l\u00e9vision.[\/vc_column_text][vc_row_inner][vc_column_inner][vc_button title=\u00a0\u00bbQui-suis-je?\u00a0\u00bb color=\u00a0\u00bbprimary\u00a0\u00bb size=\u00a0\u00bblarge\u00a0\u00bb position=\u00a0\u00bbcenter\u00a0\u00bb link=\u00a0\u00bburl:%2Fqui-suis-je%2F|||\u00a0\u00bb][\/vc_column_inner][\/vc_row_inner][vc_empty_space][\/vc_column][vc_column width=\u00a0\u00bb1\/2&Prime;][vc_single_image image=\u00a0\u00bb2555&Prime; img_size=\u00a0\u00bbfull\u00a0\u00bb alignment=\u00a0\u00bbcenter\u00a0\u00bb style=\u00a0\u00bbvc_box_rounded\u00a0\u00bb css_animation=\u00a0\u00bbfadeIn\u00a0\u00bb][vc_column_text]<\/p>\n<p>[\/vc_column_text][\/vc_column][\/vc_row][vc_row row_type=\u00a0\u00bbrow_full_center_content\u00a0\u00bb bg_image=\u00a0\u00bb2441&Prime; bg_position=\u00a0\u00bbcenter bottom\u00a0\u00bb row_parallax=\u00a0\u00bbfalse\u00a0\u00bb row_color_overlay=\u00a0\u00bb#7a7a7a\u00a0\u00bb row_text_color=\u00a0\u00bbrow_text_light\u00a0\u00bb padding_top=\u00a0\u00bb150&Prime; padding_bottom=\u00a0\u00bb150&Prime;][vc_column][vc_column_text]<\/p>\n<h5 class=\"medium-heading-inverted\"><em>AVOCAT NADIA BOURIA<br \/>\n<\/em><\/h5>\n<h1 class=\"large-heading-inverted\">Cabinet d\u2019avocats Nadia Bouria<\/h1>\n<h1 class=\"large-heading-inverted\">(Bruxelles-Brabant wallon)<\/h1>\n<p>[\/vc_column_text][vc_button title=\u00a0\u00bbDemandez une consultation\u00a0\u00bb color=\u00a0\u00bbprimary\u00a0\u00bb size=\u00a0\u00bblarge\u00a0\u00bb margin_top=\u00a0\u00bb-20&Prime; link=\u00a0\u00bburl:https%3A%2F%2Fsymplicy.com%23symplicy|||\u00a0\u00bb][\/vc_column][\/vc_row]<\/p>\n<\/div>","protected":false},"excerpt":{"rendered":"<p>[vc_row row_type=\u00a0\u00bbrow_fullwidth_content\u00a0\u00bb margin_top=\u00a0\u00bb-80&Prime; padding_bottom=\u00a0\u00bb0&Prime; class=\u00a0\u00bbfit-screen\u00a0\u00bb][vc_column][rev_slider_vc alias=\u00a0\u00bbbouria\u00a0\u00bb][\/vc_column][\/vc_row][vc_row row_type=\u00a0\u00bbrow_full_center_content\u00a0\u00bb bg_color=\u00a0\u00bb#c01f9d\u00a0\u00bb padding_top=\u00a0\u00bb20&Prime; padding_bottom=\u00a0\u00bb20&Prime; full_height=\u00a0\u00bbyes\u00a0\u00bb][vc_column width=\u00a0\u00bb2\/3&Prime; el_class=\u00a0\u00bbmobile-center\u00a0\u00bb][vc_column_text] Pour pouvoir travailler main dans la main, l\u2019information &#8230;<\/p>\n","protected":false},"author":1,"featured_media":1434,"parent":0,"menu_order":0,"comment_status":"closed","ping_status":"closed","template":"","meta":{"footnotes":""},"class_list":["post-855","page","type-page","status-publish","has-post-thumbnail","hentry"],"_links":{"self":[{"href":"https:\/\/www.avocat-bouria.com\/fr\/wp-json\/wp\/v2\/pages\/855","targetHints":{"allow":["GET"]}}],"collection":[{"href":"https:\/\/www.avocat-bouria.com\/fr\/wp-json\/wp\/v2\/pages"}],"about":[{"href":"https:\/\/www.avocat-bouria.com\/fr\/wp-json\/wp\/v2\/types\/page"}],"author":[{"embeddable":true,"href":"https:\/\/www.avocat-bouria.com\/fr\/wp-json\/wp\/v2\/users\/1"}],"replies":[{"embeddable":true,"href":"https:\/\/www.avocat-bouria.com\/fr\/wp-json\/wp\/v2\/comments?post=855"}],"version-history":[{"count":33,"href":"https:\/\/www.avocat-bouria.com\/fr\/wp-json\/wp\/v2\/pages\/855\/revisions"}],"predecessor-version":[{"id":2912,"href":"https:\/\/www.avocat-bouria.com\/fr\/wp-json\/wp\/v2\/pages\/855\/revisions\/2912"}],"wp:featuredmedia":[{"embeddable":true,"href":"https:\/\/www.avocat-bouria.com\/fr\/wp-json\/"}],"wp:attachment":[{"href":"https:\/\/www.avocat-bouria.com\/fr\/wp-json\/wp\/v2\/media?parent=855"}],"curies":[{"name":"wp","href":"https:\/\/api.w.org\/{rel}","templated":true}]}}