{"id":3619,"date":"2025-05-22T11:44:00","date_gmt":"2025-05-22T09:44:00","guid":{"rendered":"https:\/\/www.avocat-bouria.com\/fr\/?page_id=3619"},"modified":"2025-11-07T08:16:08","modified_gmt":"2025-11-07T07:16:08","slug":"qui-sommes-nous","status":"publish","type":"page","link":"https:\/\/www.avocat-bouria.com\/nl\/wie-ben-ik-2\/","title":{"rendered":"De team"},"content":{"rendered":"<div class=\"wpb-content-wrapper\"><p>[vc_row row_type=&#8221;row_full_center_content&#8221;][vc_column]\r\n\t<div class=\"custom-heading wpb_content_element \">\r\n\t\t<h2 class=\"heading-title\" >Advocatenkantoor Nadia Bouria<\/h2>\r\n\t\t<span class=\"heading-line primary\"><\/span>\r\n\t<\/div>[\/vc_column][\/vc_row][vc_row row_type=&#8221;row_full_center_content&#8221;][vc_column width=&#8221;1\/2&#8243;][vc_column_text css=&#8221;&#8221;]<strong data-start=\"52\" data-end=\"78\">Meester H\u00e9lo\u00efse Latour<\/strong><\/p>\n<p><br data-start=\"78\" data-end=\"81\" \/>Advocate aan de Balie van Waals-Brabant, Meester H\u00e9lo\u00efse Latour is voornamelijk actief in het familierecht en het contractenrecht.<\/p>\n<p>Zij staat ook rechtzoekenden bij in het kader van juridische bijstand.<br data-start=\"284\" data-end=\"287\" \/>Na haar eedaflegging in april 2025, vervoegde zij het advocatenkantoor van Nadia Bouria, waar zij tijdens haar studies twee stages had gelopen en als student had gewerkt.<\/p>\n<p>Deze voortdurende samenwerking stelde haar in staat om een nauwgezette, menselijke en pragmatische benadering van het beroep van advocaat te ontwikkelen.<\/p>\n<p>Meester Latour hecht veel belang aan vreedzame oplossingen en geeft, in het belang van haar cli\u00ebnten, waar mogelijk de voorkeur aan een minnelijke regeling.[\/vc_column_text][vc_single_image image=&#8221;3652&#8243; css=&#8221;&#8221;][\/vc_column][vc_column width=&#8221;1\/2&#8243;][vc_single_image image=&#8221;3643&#8243; img_size=&#8221;large&#8221; css=&#8221;&#8221;][\/vc_column][\/vc_row][vc_row][vc_column][vc_empty_space height=&#8221;50px&#8221;][\/vc_column][\/vc_row][vc_row row_type=&#8221;row_full_center_content&#8221;][vc_column width=&#8221;1\/2&#8243;][vc_column_text css=&#8221;&#8221;]<strong data-start=\"43\" data-end=\"72\">Meester Clotilde Fontaine<\/strong><\/p>\n<p><br data-start=\"72\" data-end=\"75\" \/>Advocate aan de Balie van Arras, Meester Clotilde Fontaine is voornamelijk actief in het burgerlijk recht, met name personenrecht, familierecht en het recht inzake kwetsbare personen.<\/p>\n<p>Zij is doctor in de rechten en heeft meerdere jaren gewerkt binnen een burgerlijke rechtbank, waardoor zij een grondige kennis van het gerechtelijk apparaat heeft verworven.<\/p>\n<p>Haar ervaringen in advocatenkantoren in zowel Frankrijk als Belgi\u00eb hebben de basis gelegd voor haar beroepspraktijk.<\/p>\n<p>Actief aan beide zijden van de grens, biedt zij een sterke en gepersonaliseerde begeleiding, gebaseerd op duidelijkheid, expertise en luisterbereidheid.[\/vc_column_text][vc_single_image image=&#8221;3649&#8243; css=&#8221;&#8221;][\/vc_column][vc_column width=&#8221;1\/2&#8243;][vc_single_image image=&#8221;3644&#8243; img_size=&#8221;large&#8221; css=&#8221;&#8221;][\/vc_column][\/vc_row][vc_row][vc_column][vc_empty_space height=&#8221;50px&#8221;][\/vc_column][\/vc_row]<\/p>\n<\/div>","protected":false},"excerpt":{"rendered":"<p>[vc_row row_type=&#8221;row_full_center_content&#8221;][vc_column][\/vc_column][\/vc_row][vc_row row_type=&#8221;row_full_center_content&#8221;][vc_column width=&#8221;1\/2&#8243;][vc_column_text css=&#8221;&#8221;]Meester H\u00e9lo\u00efse Latour Advocate aan de Balie van Waals-Brabant, Meester H\u00e9lo\u00efse Latour is voornamelijk actief in het &#8230;<\/p>\n","protected":false},"author":2,"featured_media":2008,"parent":0,"menu_order":0,"comment_status":"closed","ping_status":"closed","template":"","meta":{"footnotes":""},"class_list":["post-3619","page","type-page","status-publish","has-post-thumbnail","hentry"],"_links":{"self":[{"href":"https:\/\/www.avocat-bouria.com\/nl\/wp-json\/wp\/v2\/pages\/3619","targetHints":{"allow":["GET"]}}],"collection":[{"href":"https:\/\/www.avocat-bouria.com\/nl\/wp-json\/wp\/v2\/pages"}],"about":[{"href":"https:\/\/www.avocat-bouria.com\/nl\/wp-json\/wp\/v2\/types\/page"}],"author":[{"embeddable":true,"href":"https:\/\/www.avocat-bouria.com\/nl\/wp-json\/wp\/v2\/users\/2"}],"replies":[{"embeddable":true,"href":"https:\/\/www.avocat-bouria.com\/nl\/wp-json\/wp\/v2\/comments?post=3619"}],"version-history":[{"count":18,"href":"https:\/\/www.avocat-bouria.com\/nl\/wp-json\/wp\/v2\/pages\/3619\/revisions"}],"predecessor-version":[{"id":3719,"href":"https:\/\/www.avocat-bouria.com\/nl\/wp-json\/wp\/v2\/pages\/3619\/revisions\/3719"}],"wp:featuredmedia":[{"embeddable":true,"href":"https:\/\/www.avocat-bouria.com\/nl\/wp-json\/"}],"wp:attachment":[{"href":"https:\/\/www.avocat-bouria.com\/nl\/wp-json\/wp\/v2\/media?parent=3619"}],"curies":[{"name":"wp","href":"https:\/\/api.w.org\/{rel}","templated":true}]}}